{"id":699,"date":"2023-04-26T11:38:43","date_gmt":"2023-04-26T11:38:43","guid":{"rendered":"https:\/\/zagope-ws.qa.altadigital.com\/page-daccueil\/"},"modified":"2024-01-16T19:18:59","modified_gmt":"2024-01-16T19:18:59","slug":"page-daccueil","status":"publish","type":"page","link":"https:\/\/lp.appseguranca.zagope.pt\/fr\/","title":{"rendered":"L\u2019entreprise"},"content":{"rendered":"\t\t<div data-elementor-type=\"wp-page\" data-elementor-id=\"699\" class=\"elementor elementor-699 elementor-2\">\n\t\t\t\t\t\t\t\t\t<section class=\"elementor-section elementor-top-section elementor-element elementor-element-47db16c elementor-section-full_width elementor-section-height-min-height elementor-section-height-default elementor-section-items-middle elementor-invisible\" data-id=\"47db16c\" data-element_type=\"section\" data-settings=\"{&quot;animation&quot;:&quot;fadeIn&quot;,&quot;background_background&quot;:&quot;classic&quot;}\">\n\t\t\t\t\t\t\t<div class=\"elementor-background-overlay\"><\/div>\n\t\t\t\t\t\t\t<div class=\"elementor-container elementor-column-gap-no\">\n\t\t\t\t\t<div class=\"elementor-column elementor-col-100 elementor-top-column elementor-element elementor-element-ef4e732\" data-id=\"ef4e732\" data-element_type=\"column\">\n\t\t\t<div class=\"elementor-widget-wrap\">\n\t\t\t\t\t\t\t\t\t<\/div>\n\t\t<\/div>\n\t\t\t\t\t\t\t<\/div>\n\t\t<\/section>\n\t\t\t\t<section class=\"elementor-section elementor-top-section elementor-element elementor-element-39f461f elementor-section-boxed elementor-section-height-default elementor-section-height-default elementor-invisible\" data-id=\"39f461f\" data-element_type=\"section\" data-settings=\"{&quot;sticky&quot;:&quot;top&quot;,&quot;sticky_offset&quot;:115,&quot;animation&quot;:&quot;fadeIn&quot;,&quot;sticky_on&quot;:[&quot;desktop&quot;,&quot;tablet&quot;,&quot;mobile&quot;],&quot;sticky_effects_offset&quot;:0}\">\n\t\t\t\t\t\t<div class=\"elementor-container elementor-column-gap-no\">\n\t\t\t\t\t<div class=\"elementor-column elementor-col-100 elementor-top-column elementor-element elementor-element-351b2cf\" data-id=\"351b2cf\" data-element_type=\"column\">\n\t\t\t<div class=\"elementor-widget-wrap elementor-element-populated\">\n\t\t\t\t\t\t\t\t<div class=\"elementor-element elementor-element-d0a6ebb elementor-nav-menu--dropdown-none elementor-absolute ad_menu elementor-widget elementor-widget-nav-menu\" data-id=\"d0a6ebb\" data-element_type=\"widget\" data-settings=\"{&quot;submenu_icon&quot;:{&quot;value&quot;:&quot;&lt;i class=\\&quot;\\&quot;&gt;&lt;\\\/i&gt;&quot;,&quot;library&quot;:&quot;&quot;},&quot;_position&quot;:&quot;absolute&quot;,&quot;layout&quot;:&quot;horizontal&quot;}\" data-widget_type=\"nav-menu.default\">\n\t\t\t\t<div class=\"elementor-widget-container\">\n\t\t\t<link rel=\"stylesheet\" href=\"https:\/\/lp.appseguranca.zagope.pt\/wp-content\/plugins\/elementor-pro\/assets\/css\/widget-nav-menu.min.css\">\t\t\t<nav class=\"elementor-nav-menu--main elementor-nav-menu__container elementor-nav-menu--layout-horizontal e--pointer-underline e--animation-fade\">\n\t\t\t\t<ul id=\"menu-1-d0a6ebb\" class=\"elementor-nav-menu\"><li class=\"menu-item menu-item-type-post_type menu-item-object-page menu-item-home menu-item-702\"><a href=\"https:\/\/lp.appseguranca.zagope.pt\/fr\/\" class=\"elementor-item\">L\u2019Entreprise<\/a><\/li>\n<li class=\"menu-item menu-item-type-post_type menu-item-object-page menu-item-759\"><a href=\"https:\/\/lp.appseguranca.zagope.pt\/fr\/sante-et-securite\/\" class=\"elementor-item\">Sant\u00e9 et S\u00e9curit\u00e9<\/a><\/li>\n<li class=\"menu-item menu-item-type-post_type menu-item-object-page menu-item-758\"><a href=\"https:\/\/lp.appseguranca.zagope.pt\/fr\/qualite\/\" class=\"elementor-item\">Qualit\u00e9<\/a><\/li>\n<li class=\"menu-item menu-item-type-post_type menu-item-object-page menu-item-757\"><a href=\"https:\/\/lp.appseguranca.zagope.pt\/fr\/environnement\/\" class=\"elementor-item\">Environnement<\/a><\/li>\n<\/ul>\t\t\t<\/nav>\n\t\t\t\t\t\t<nav class=\"elementor-nav-menu--dropdown elementor-nav-menu__container\" aria-hidden=\"true\">\n\t\t\t\t<ul id=\"menu-2-d0a6ebb\" class=\"elementor-nav-menu\"><li class=\"menu-item menu-item-type-post_type menu-item-object-page menu-item-home menu-item-702\"><a href=\"https:\/\/lp.appseguranca.zagope.pt\/fr\/\" class=\"elementor-item\" tabindex=\"-1\">L\u2019Entreprise<\/a><\/li>\n<li class=\"menu-item menu-item-type-post_type menu-item-object-page menu-item-759\"><a href=\"https:\/\/lp.appseguranca.zagope.pt\/fr\/sante-et-securite\/\" class=\"elementor-item\" tabindex=\"-1\">Sant\u00e9 et S\u00e9curit\u00e9<\/a><\/li>\n<li class=\"menu-item menu-item-type-post_type menu-item-object-page menu-item-758\"><a href=\"https:\/\/lp.appseguranca.zagope.pt\/fr\/qualite\/\" class=\"elementor-item\" tabindex=\"-1\">Qualit\u00e9<\/a><\/li>\n<li class=\"menu-item menu-item-type-post_type menu-item-object-page menu-item-757\"><a href=\"https:\/\/lp.appseguranca.zagope.pt\/fr\/environnement\/\" class=\"elementor-item\" tabindex=\"-1\">Environnement<\/a><\/li>\n<\/ul>\t\t\t<\/nav>\n\t\t\t\t<\/div>\n\t\t\t\t<\/div>\n\t\t\t\t\t<\/div>\n\t\t<\/div>\n\t\t\t\t\t\t\t<\/div>\n\t\t<\/section>\n\t\t\t\t<section class=\"elementor-section elementor-top-section elementor-element elementor-element-b420455 elementor-section-boxed elementor-section-height-default elementor-section-height-default elementor-invisible\" data-id=\"b420455\" data-element_type=\"section\" data-settings=\"{&quot;animation&quot;:&quot;fadeIn&quot;}\">\n\t\t\t\t\t\t<div class=\"elementor-container elementor-column-gap-default\">\n\t\t\t\t\t<div class=\"elementor-column elementor-col-100 elementor-top-column elementor-element elementor-element-b8ab7a8\" data-id=\"b8ab7a8\" data-element_type=\"column\">\n\t\t\t<div class=\"elementor-widget-wrap elementor-element-populated\">\n\t\t\t\t\t\t\t\t<div class=\"elementor-element elementor-element-6ddd166 elementor-widget elementor-widget-text-editor\" data-id=\"6ddd166\" data-element_type=\"widget\" data-widget_type=\"text-editor.default\">\n\t\t\t\t<div class=\"elementor-widget-container\">\n\t\t\t<style>\/*! elementor - v3.18.0 - 20-12-2023 *\/\n.elementor-widget-text-editor.elementor-drop-cap-view-stacked .elementor-drop-cap{background-color:#69727d;color:#fff}.elementor-widget-text-editor.elementor-drop-cap-view-framed .elementor-drop-cap{color:#69727d;border:3px solid;background-color:transparent}.elementor-widget-text-editor:not(.elementor-drop-cap-view-default) .elementor-drop-cap{margin-top:8px}.elementor-widget-text-editor:not(.elementor-drop-cap-view-default) .elementor-drop-cap-letter{width:1em;height:1em}.elementor-widget-text-editor .elementor-drop-cap{float:left;text-align:center;line-height:1;font-size:50px}.elementor-widget-text-editor .elementor-drop-cap-letter{display:inline-block}<\/style>\t\t\t\t<p align=\"justify\">Zagope\/Inzag est, \u00e0 l\u2019heure actuelle, l\u2019une des principales entreprises du monde, en Europe et en Afrique, certifi\u00e9e internationalement aux Normes de la Qualit\u00e9 ISO 9001, de l\u2019Environnement ISO 14001 et de la Sant\u00e9 et S\u00e9curit\u00e9 ISO 45001.<\/p>\n<p>Avec plus de 500 projets ex\u00e9cut\u00e9s, dans 12 pays, l\u2019attention port\u00e9e \u00e0 la pr\u00e9vention des accidents du travail, la pr\u00e9servation de l\u2019environnement, le respect des d\u00e9lais et la livraison d\u2019un produit de qualit\u00e9 sont quelques-uns de nos principaux objectifs.<\/p>\n<p>Nous souhaitons obtenir, \u00e0 travers nos affaires, la confiance de nos clients, des performances d\u2019entreprise comp\u00e9titive, une plus grande valeur pour les actionnaires, la satisfaction, motivation et formation de tous les travailleurs.<\/p>\n<p>Ainsi, \u00e0 travers nos actions, nous contribuons \u00e0 un d\u00e9veloppement durable de nos affaires, de la soci\u00e9t\u00e9, des collaborateurs, stakeholders et clients.<\/p>\n\t\t\t\t\t\t<\/div>\n\t\t\t\t<\/div>\n\t\t\t\t\t<\/div>\n\t\t<\/div>\n\t\t\t\t\t\t\t<\/div>\n\t\t<\/section>\n\t\t\t\t<section class=\"elementor-section elementor-top-section elementor-element elementor-element-87b616a elementor-section-boxed elementor-section-height-default elementor-section-height-default elementor-invisible\" data-id=\"87b616a\" data-element_type=\"section\" data-settings=\"{&quot;animation&quot;:&quot;fadeIn&quot;}\">\n\t\t\t\t\t\t<div class=\"elementor-container elementor-column-gap-default\">\n\t\t\t\t\t<div class=\"elementor-column elementor-col-100 elementor-top-column elementor-element elementor-element-ff63de8\" data-id=\"ff63de8\" data-element_type=\"column\">\n\t\t\t<div class=\"elementor-widget-wrap elementor-element-populated\">\n\t\t\t\t\t\t\t\t<div class=\"elementor-element elementor-element-941dbe4 elementor-widget elementor-widget-heading\" data-id=\"941dbe4\" data-element_type=\"widget\" data-widget_type=\"heading.default\">\n\t\t\t\t<div class=\"elementor-widget-container\">\n\t\t\t<style>\/*! elementor - v3.18.0 - 20-12-2023 *\/\n.elementor-heading-title{padding:0;margin:0;line-height:1}.elementor-widget-heading .elementor-heading-title[class*=elementor-size-]>a{color:inherit;font-size:inherit;line-height:inherit}.elementor-widget-heading .elementor-heading-title.elementor-size-small{font-size:15px}.elementor-widget-heading .elementor-heading-title.elementor-size-medium{font-size:19px}.elementor-widget-heading .elementor-heading-title.elementor-size-large{font-size:29px}.elementor-widget-heading .elementor-heading-title.elementor-size-xl{font-size:39px}.elementor-widget-heading .elementor-heading-title.elementor-size-xxl{font-size:59px}<\/style><h2 class=\"elementor-heading-title elementor-size-default\">Nos Engagements<\/h2>\t\t<\/div>\n\t\t\t\t<\/div>\n\t\t\t\t\t<\/div>\n\t\t<\/div>\n\t\t\t\t\t\t\t<\/div>\n\t\t<\/section>\n\t\t\t\t<section class=\"elementor-section elementor-top-section elementor-element elementor-element-5ecfc9b elementor-section-boxed elementor-section-height-default elementor-section-height-default elementor-invisible\" data-id=\"5ecfc9b\" data-element_type=\"section\" data-settings=\"{&quot;animation&quot;:&quot;fadeIn&quot;}\">\n\t\t\t\t\t\t<div class=\"elementor-container elementor-column-gap-default\">\n\t\t\t\t\t<div class=\"elementor-column elementor-col-100 elementor-top-column elementor-element elementor-element-e8bedb3\" data-id=\"e8bedb3\" data-element_type=\"column\">\n\t\t\t<div class=\"elementor-widget-wrap elementor-element-populated\">\n\t\t\t\t\t\t\t\t<div class=\"elementor-element elementor-element-e52c04a elementor-widget elementor-widget-heading\" data-id=\"e52c04a\" data-element_type=\"widget\" data-widget_type=\"heading.default\">\n\t\t\t\t<div class=\"elementor-widget-container\">\n\t\t\t<h2 class=\"elementor-heading-title elementor-size-default\">Objectifs<\/h2>\t\t<\/div>\n\t\t\t\t<\/div>\n\t\t\t\t\t<\/div>\n\t\t<\/div>\n\t\t\t\t\t\t\t<\/div>\n\t\t<\/section>\n\t\t\t\t\t\t\t<\/div>\n\t\t","protected":false},"excerpt":{"rendered":"<p>Zagope\/Inzag est, \u00e0 l\u2019heure actuelle, l\u2019une des principales entreprises du monde, en Europe et en Afrique, certifi\u00e9e internationalement aux Normes de la Qualit\u00e9 ISO 9001, de l\u2019Environnement ISO 14001 et de la Sant\u00e9 et S\u00e9curit\u00e9 ISO 45001. Avec plus de 500 projets ex\u00e9cut\u00e9s, dans 12 pays, l\u2019attention port\u00e9e \u00e0 la pr\u00e9vention des accidents du travail, [&hellip;]<\/p>\n","protected":false},"author":1,"featured_media":0,"parent":0,"menu_order":0,"comment_status":"closed","ping_status":"closed","template":"","meta":{"inline_featured_image":false,"footnotes":""},"class_list":["post-699","page","type-page","status-publish","hentry"],"_links":{"self":[{"href":"https:\/\/lp.appseguranca.zagope.pt\/fr\/wp-json\/wp\/v2\/pages\/699","targetHints":{"allow":["GET"]}}],"collection":[{"href":"https:\/\/lp.appseguranca.zagope.pt\/fr\/wp-json\/wp\/v2\/pages"}],"about":[{"href":"https:\/\/lp.appseguranca.zagope.pt\/fr\/wp-json\/wp\/v2\/types\/page"}],"author":[{"embeddable":true,"href":"https:\/\/lp.appseguranca.zagope.pt\/fr\/wp-json\/wp\/v2\/users\/1"}],"replies":[{"embeddable":true,"href":"https:\/\/lp.appseguranca.zagope.pt\/fr\/wp-json\/wp\/v2\/comments?post=699"}],"version-history":[{"count":4,"href":"https:\/\/lp.appseguranca.zagope.pt\/fr\/wp-json\/wp\/v2\/pages\/699\/revisions"}],"predecessor-version":[{"id":1020,"href":"https:\/\/lp.appseguranca.zagope.pt\/fr\/wp-json\/wp\/v2\/pages\/699\/revisions\/1020"}],"wp:attachment":[{"href":"https:\/\/lp.appseguranca.zagope.pt\/fr\/wp-json\/wp\/v2\/media?parent=699"}],"curies":[{"name":"wp","href":"https:\/\/api.w.org\/{rel}","templated":true}]}}